{"id":85,"date":"2014-11-23T14:33:30","date_gmt":"2014-11-23T14:33:30","guid":{"rendered":"http:\/\/www.xn--schtzenverein-ollendorf-epc.de\/?page_id=85"},"modified":"2025-09-10T13:41:57","modified_gmt":"2025-09-10T13:41:57","slug":"unsere-kanonen","status":"publish","type":"page","link":"https:\/\/www.xn--schtzenverein-ollendorf-epc.de\/?page_id=85","title":{"rendered":"Unsere Kanonen"},"content":{"rendered":"\n<h3 class=\"wp-block-heading\">&nbsp;<\/h3>\n\n\n\n<h5 class=\"wp-block-heading\"><em>Der<strong> Sch\u00fctzenverein Ollendorf und zwei Sch\u00fctzenbr\u00fcder besitzen f\u00fcnf Vorderlader &#8211; Kanonen, die wir gern zu besonderen Anl\u00e4ssen b\u00f6llern w\u00fcrden.<\/strong><\/em><\/h5>\n\n\n\n<h3 class=\"wp-block-heading\">&nbsp;<\/h3>\n\n\n\n<p><strong>\u00a0Bad Berka 2025<\/strong><\/p>\n\n\n<div class=\"wp-block-image\">\n<figure class=\"aligncenter size-large\"><a href=\"https:\/\/www.xn--schtzenverein-ollendorf-epc.de\/wp-content\/uploads\/2025\/09\/20250817_144338_k.jpg\"><img loading=\"lazy\" decoding=\"async\" width=\"768\" height=\"1024\" src=\"https:\/\/www.xn--schtzenverein-ollendorf-epc.de\/wp-content\/uploads\/2025\/09\/20250817_144338_k-768x1024.jpg\" alt=\"\" class=\"wp-image-489\" srcset=\"https:\/\/www.xn--schtzenverein-ollendorf-epc.de\/wp-content\/uploads\/2025\/09\/20250817_144338_k-768x1024.jpg 768w, https:\/\/www.xn--schtzenverein-ollendorf-epc.de\/wp-content\/uploads\/2025\/09\/20250817_144338_k-225x300.jpg 225w, https:\/\/www.xn--schtzenverein-ollendorf-epc.de\/wp-content\/uploads\/2025\/09\/20250817_144338_k.jpg 800w\" sizes=\"auto, (max-width: 768px) 100vw, 768px\" \/><\/a><\/figure>\n<\/div>\n\n\n<h3 class=\"wp-block-heading\">&nbsp;<\/h3>\n\n\n<div class=\"wp-block-image\">\n<figure class=\"aligncenter size-full\"><a href=\"https:\/\/www.xn--schtzenverein-ollendorf-epc.de\/wp-content\/uploads\/2025\/09\/20250817_152132_k.jpg\"><img loading=\"lazy\" decoding=\"async\" width=\"800\" height=\"1067\" src=\"https:\/\/www.xn--schtzenverein-ollendorf-epc.de\/wp-content\/uploads\/2025\/09\/20250817_152132_k.jpg\" alt=\"\" class=\"wp-image-486\" srcset=\"https:\/\/www.xn--schtzenverein-ollendorf-epc.de\/wp-content\/uploads\/2025\/09\/20250817_152132_k.jpg 800w, https:\/\/www.xn--schtzenverein-ollendorf-epc.de\/wp-content\/uploads\/2025\/09\/20250817_152132_k-225x300.jpg 225w, https:\/\/www.xn--schtzenverein-ollendorf-epc.de\/wp-content\/uploads\/2025\/09\/20250817_152132_k-768x1024.jpg 768w\" sizes=\"auto, (max-width: 800px) 100vw, 800px\" \/><\/a><\/figure>\n<\/div>\n\n<p><a href=\"https:\/\/www.xn--schtzenverein-ollendorf-epc.de\/wp-content\/uploads\/2019\/05\/IMG-20190513-WA0001.jpg\"><strong><img loading=\"lazy\" decoding=\"async\" class=\"alignnone wp-image-257 size-full\" src=\"https:\/\/www.xn--schtzenverein-ollendorf-epc.de\/wp-content\/uploads\/2019\/05\/IMG-20190513-WA0001.jpg\" alt=\"Kirmes 2022\" width=\"1600\" height=\"1059\" srcset=\"https:\/\/www.xn--schtzenverein-ollendorf-epc.de\/wp-content\/uploads\/2019\/05\/IMG-20190513-WA0001.jpg 1600w, https:\/\/www.xn--schtzenverein-ollendorf-epc.de\/wp-content\/uploads\/2019\/05\/IMG-20190513-WA0001-300x199.jpg 300w, https:\/\/www.xn--schtzenverein-ollendorf-epc.de\/wp-content\/uploads\/2019\/05\/IMG-20190513-WA0001-768x508.jpg 768w, https:\/\/www.xn--schtzenverein-ollendorf-epc.de\/wp-content\/uploads\/2019\/05\/IMG-20190513-WA0001-1024x678.jpg 1024w\" sizes=\"auto, (max-width: 1600px) 100vw, 1600px\" \/><\/strong><\/a><\/p>\n<p><a href=\"https:\/\/www.xn--schtzenverein-ollendorf-epc.de\/wp-content\/uploads\/2022\/06\/IMG-20220520-WA0007.jpg\"><img loading=\"lazy\" decoding=\"async\" class=\"alignnone size-full wp-image-348\" src=\"https:\/\/www.xn--schtzenverein-ollendorf-epc.de\/wp-content\/uploads\/2022\/06\/IMG-20220520-WA0007.jpg\" alt=\"\" width=\"2048\" height=\"1538\" srcset=\"https:\/\/www.xn--schtzenverein-ollendorf-epc.de\/wp-content\/uploads\/2022\/06\/IMG-20220520-WA0007.jpg 2048w, https:\/\/www.xn--schtzenverein-ollendorf-epc.de\/wp-content\/uploads\/2022\/06\/IMG-20220520-WA0007-300x225.jpg 300w, https:\/\/www.xn--schtzenverein-ollendorf-epc.de\/wp-content\/uploads\/2022\/06\/IMG-20220520-WA0007-1024x769.jpg 1024w, https:\/\/www.xn--schtzenverein-ollendorf-epc.de\/wp-content\/uploads\/2022\/06\/IMG-20220520-WA0007-768x577.jpg 768w, https:\/\/www.xn--schtzenverein-ollendorf-epc.de\/wp-content\/uploads\/2022\/06\/IMG-20220520-WA0007-1536x1154.jpg 1536w\" sizes=\"auto, (max-width: 2048px) 100vw, 2048px\" \/><\/a><\/p>\n<p><a href=\"http:\/\/www.xn--schtzenverein-ollendorf-epc.de\/wp-content\/uploads\/2014\/11\/025_21A.jpg\"><img loading=\"lazy\" decoding=\"async\" class=\"alignnone size-full wp-image-30\" src=\"http:\/\/www.xn--schtzenverein-ollendorf-epc.de\/wp-content\/uploads\/2014\/11\/025_21A.jpg\" alt=\"025_21A\" width=\"600\" height=\"400\" srcset=\"https:\/\/www.xn--schtzenverein-ollendorf-epc.de\/wp-content\/uploads\/2014\/11\/025_21A.jpg 600w, https:\/\/www.xn--schtzenverein-ollendorf-epc.de\/wp-content\/uploads\/2014\/11\/025_21A-300x200.jpg 300w\" sizes=\"auto, (max-width: 600px) 100vw, 600px\" \/><\/a><\/p>\n<p><a href=\"http:\/\/www.xn--schtzenverein-ollendorf-epc.de\/wp-content\/uploads\/2014\/11\/P1030051.jpg\"><img loading=\"lazy\" decoding=\"async\" class=\"alignnone size-full wp-image-28\" src=\"http:\/\/www.xn--schtzenverein-ollendorf-epc.de\/wp-content\/uploads\/2014\/11\/P1030051.jpg\" alt=\"P1030051\" width=\"600\" height=\"450\" srcset=\"https:\/\/www.xn--schtzenverein-ollendorf-epc.de\/wp-content\/uploads\/2014\/11\/P1030051.jpg 600w, https:\/\/www.xn--schtzenverein-ollendorf-epc.de\/wp-content\/uploads\/2014\/11\/P1030051-300x225.jpg 300w\" sizes=\"auto, (max-width: 600px) 100vw, 600px\" \/><\/a><\/p>\n<p><a href=\"http:\/\/www.xn--schtzenverein-ollendorf-epc.de\/wp-content\/uploads\/2014\/11\/P1020079.jpg\"><img loading=\"lazy\" decoding=\"async\" class=\"alignnone size-full wp-image-14\" src=\"http:\/\/www.xn--schtzenverein-ollendorf-epc.de\/wp-content\/uploads\/2014\/11\/P1020079.jpg\" alt=\"P1020079\" width=\"600\" height=\"450\" srcset=\"https:\/\/www.xn--schtzenverein-ollendorf-epc.de\/wp-content\/uploads\/2014\/11\/P1020079.jpg 600w, https:\/\/www.xn--schtzenverein-ollendorf-epc.de\/wp-content\/uploads\/2014\/11\/P1020079-300x225.jpg 300w\" sizes=\"auto, (max-width: 600px) 100vw, 600px\" \/><\/a><\/p>\n<p><a href=\"http:\/\/www.xn--schtzenverein-ollendorf-epc.de\/wp-content\/uploads\/2014\/11\/DSC01439.jpg\"><img loading=\"lazy\" decoding=\"async\" class=\"alignnone size-full wp-image-9\" src=\"http:\/\/www.xn--schtzenverein-ollendorf-epc.de\/wp-content\/uploads\/2014\/11\/DSC01439.jpg\" alt=\"DSC01439\" width=\"600\" height=\"450\" srcset=\"https:\/\/www.xn--schtzenverein-ollendorf-epc.de\/wp-content\/uploads\/2014\/11\/DSC01439.jpg 600w, https:\/\/www.xn--schtzenverein-ollendorf-epc.de\/wp-content\/uploads\/2014\/11\/DSC01439-300x225.jpg 300w\" sizes=\"auto, (max-width: 600px) 100vw, 600px\" \/><\/a><\/p>","protected":false},"excerpt":{"rendered":"<p>&nbsp; Der Sch\u00fctzenverein Ollendorf und zwei Sch\u00fctzenbr\u00fcder besitzen f\u00fcnf Vorderlader &#8211; Kanonen, die wir gern zu besonderen Anl\u00e4ssen b\u00f6llern w\u00fcrden. &nbsp; \u00a0Bad Berka 2025 &nbsp;<\/p>\n","protected":false},"author":1,"featured_media":0,"parent":0,"menu_order":0,"comment_status":"closed","ping_status":"open","template":"","meta":{"footnotes":""},"class_list":["post-85","page","type-page","status-publish","hentry"],"_links":{"self":[{"href":"https:\/\/www.xn--schtzenverein-ollendorf-epc.de\/index.php?rest_route=\/wp\/v2\/pages\/85","targetHints":{"allow":["GET"]}}],"collection":[{"href":"https:\/\/www.xn--schtzenverein-ollendorf-epc.de\/index.php?rest_route=\/wp\/v2\/pages"}],"about":[{"href":"https:\/\/www.xn--schtzenverein-ollendorf-epc.de\/index.php?rest_route=\/wp\/v2\/types\/page"}],"author":[{"embeddable":true,"href":"https:\/\/www.xn--schtzenverein-ollendorf-epc.de\/index.php?rest_route=\/wp\/v2\/users\/1"}],"replies":[{"embeddable":true,"href":"https:\/\/www.xn--schtzenverein-ollendorf-epc.de\/index.php?rest_route=%2Fwp%2Fv2%2Fcomments&post=85"}],"version-history":[{"count":7,"href":"https:\/\/www.xn--schtzenverein-ollendorf-epc.de\/index.php?rest_route=\/wp\/v2\/pages\/85\/revisions"}],"predecessor-version":[{"id":490,"href":"https:\/\/www.xn--schtzenverein-ollendorf-epc.de\/index.php?rest_route=\/wp\/v2\/pages\/85\/revisions\/490"}],"wp:attachment":[{"href":"https:\/\/www.xn--schtzenverein-ollendorf-epc.de\/index.php?rest_route=%2Fwp%2Fv2%2Fmedia&parent=85"}],"curies":[{"name":"wp","href":"https:\/\/api.w.org\/{rel}","templated":true}]}}