{"id":42,"date":"2014-11-13T17:04:49","date_gmt":"2014-11-13T17:04:49","guid":{"rendered":"http:\/\/www.xn--schtzenverein-ollendorf-epc.de\/?page_id=42"},"modified":"2019-12-15T11:47:46","modified_gmt":"2019-12-15T11:47:46","slug":"willkommen","status":"publish","type":"page","link":"https:\/\/www.xn--schtzenverein-ollendorf-epc.de\/","title":{"rendered":"Willkommen"},"content":{"rendered":"<p>Herzlich Willkommen beim Sch\u00fctzenverein Ollendorf e.V.!<\/p>\n<p>Der Schie\u00dfstand ist 12 km von Erfurt entfernt und liegt in Th\u00fcringen.<\/p>\n<p><a href=\"http:\/\/www.xn--schtzenverein-ollendorf-epc.de\/wp-content\/uploads\/2014\/11\/DSC02521.jpg\"><img loading=\"lazy\" decoding=\"async\" class=\"alignnone size-full wp-image-11\" src=\"http:\/\/www.xn--schtzenverein-ollendorf-epc.de\/wp-content\/uploads\/2014\/11\/DSC02521.jpg\" alt=\"DSC02521\" width=\"600\" height=\"450\" srcset=\"https:\/\/www.xn--schtzenverein-ollendorf-epc.de\/wp-content\/uploads\/2014\/11\/DSC02521.jpg 600w, https:\/\/www.xn--schtzenverein-ollendorf-epc.de\/wp-content\/uploads\/2014\/11\/DSC02521-300x225.jpg 300w\" sizes=\"auto, (max-width: 600px) 100vw, 600px\" \/><\/a><\/p>\n","protected":false},"excerpt":{"rendered":"<p>Herzlich Willkommen beim Sch\u00fctzenverein Ollendorf e.V.! Der Schie\u00dfstand ist 12 km von Erfurt entfernt und liegt in Th\u00fcringen.<\/p>\n","protected":false},"author":1,"featured_media":0,"parent":0,"menu_order":0,"comment_status":"closed","ping_status":"closed","template":"","meta":{"footnotes":""},"class_list":["post-42","page","type-page","status-publish","hentry"],"_links":{"self":[{"href":"https:\/\/www.xn--schtzenverein-ollendorf-epc.de\/index.php?rest_route=\/wp\/v2\/pages\/42","targetHints":{"allow":["GET"]}}],"collection":[{"href":"https:\/\/www.xn--schtzenverein-ollendorf-epc.de\/index.php?rest_route=\/wp\/v2\/pages"}],"about":[{"href":"https:\/\/www.xn--schtzenverein-ollendorf-epc.de\/index.php?rest_route=\/wp\/v2\/types\/page"}],"author":[{"embeddable":true,"href":"https:\/\/www.xn--schtzenverein-ollendorf-epc.de\/index.php?rest_route=\/wp\/v2\/users\/1"}],"replies":[{"embeddable":true,"href":"https:\/\/www.xn--schtzenverein-ollendorf-epc.de\/index.php?rest_route=%2Fwp%2Fv2%2Fcomments&post=42"}],"version-history":[{"count":4,"href":"https:\/\/www.xn--schtzenverein-ollendorf-epc.de\/index.php?rest_route=\/wp\/v2\/pages\/42\/revisions"}],"predecessor-version":[{"id":439,"href":"https:\/\/www.xn--schtzenverein-ollendorf-epc.de\/index.php?rest_route=\/wp\/v2\/pages\/42\/revisions\/439"}],"wp:attachment":[{"href":"https:\/\/www.xn--schtzenverein-ollendorf-epc.de\/index.php?rest_route=%2Fwp%2Fv2%2Fmedia&parent=42"}],"curies":[{"name":"wp","href":"https:\/\/api.w.org\/{rel}","templated":true}]}}