{"id":39,"date":"2014-11-13T17:03:04","date_gmt":"2014-11-13T17:03:04","guid":{"rendered":"http:\/\/www.xn--schtzenverein-ollendorf-epc.de\/?page_id=39"},"modified":"2026-03-07T15:24:11","modified_gmt":"2026-03-07T15:24:11","slug":"oeffnungszeiten-2","status":"publish","type":"page","link":"https:\/\/www.xn--schtzenverein-ollendorf-epc.de\/?page_id=39","title":{"rendered":"\u00d6ffnungszeiten"},"content":{"rendered":"<p><span style=\"color: #000000;\"><strong>Der Schie\u00dfstand in Ollendorf wurde 2011 fertig gestellt, klein aber fein.<\/strong><\/span><\/p>\n<p><span style=\"color: #000000;\"><strong>Der Schie\u00dfstand ist in der N\u00e4he von Erfurt.<\/strong><\/span><\/p>\n<p><span style=\"color: #000000;\"><strong>Es kann Kurzwaffe und Langwaffe geschossen werden, sowie Vorderlader.<\/strong><\/span><\/p>\n<p><span style=\"color: #000000;\"><strong>Es gibt folgende Schie\u00dfbahnen: <\/strong><\/span><\/p>\n<p><span style=\"color: #000000;\"><strong>10 m Bahn,\u00a0\u00a0 25 m Bahn, 50 m Bahn und 100 m\u00a0Bahn<\/strong><\/span><\/p>\n<h2><strong><span style=\"color: #000000;\">\u00d6ffnungszeiten:<\/span><\/strong><\/h2>\n<h2><strong><span style=\"color: #000000;\">Montag bis Freitag\u00a0\u00a0\u00a0\u00a0\u00a0\u00a0\u00a0\u00a0\u00a0\u00a0\u00a0\u00a0\u00a0\u00a0 geschlossen<\/span><\/strong><\/h2>\n<h2><strong><span style=\"color: #000000;\">Samstag\u00a0\u00a0\u00a0\u00a0\u00a0\u00a0\u00a0\u00a0\u00a0\u00a0\u00a0\u00a0\u00a0\u00a0\u00a0\u00a0\u00a0\u00a0\u00a0\u00a0\u00a0\u00a0\u00a0\u00a0\u00a0\u00a0\u00a0\u00a0\u00a0 14:00 &#8211; 17:00 Uhr<\/span><\/strong><\/h2>\n<h2><strong><span style=\"color: #000000;\">Sonntag\u00a0\u00a0\u00a0\u00a0\u00a0\u00a0\u00a0\u00a0\u00a0\u00a0\u00a0\u00a0\u00a0\u00a0\u00a0\u00a0\u00a0\u00a0\u00a0\u00a0\u00a0\u00a0\u00a0\u00a0\u00a0\u00a0\u00a0\u00a0\u00a0\u00a0\u00a0 9:00 &#8211; 12:00 Uhr \u00a0<\/span><\/strong><\/h2>\n<h2><strong>\u00a0\u00a0\u00a0\u00a0\u00a0 <\/strong><\/h2>\n<h3><span style=\"color: #ff0000;\"><strong>Winter\u00f6ffnungszeiten: <\/strong><\/span><\/h3>\n<h3><span style=\"color: #ff0000;\"><strong>Dezember \/ Januar \/ Februar<\/strong><\/span><\/h3>\n<h3><strong><span style=\"color: #ff0000;\">Nur Sonntag\u00a0\u00a0\u00a0\u00a0\u00a0\u00a0\u00a0\u00a0\u00a0\u00a0\u00a0\u00a0\u00a0\u00a0\u00a0\u00a0\u00a0\u00a0\u00a0\u00a0\u00a0\u00a0\u00a0\u00a0 9:00 &#8211; 12:00 Uhr<\/span> <\/strong><\/h3>\n<h3><strong><span style=\"color: #ff0000;\">\u00a0<\/span><\/strong><\/h3>\n<p><span style=\"color: #000000;\">Stille Feiertage:<\/span><\/p>\n<p>02.04.2026 Gr\u00fcndonnertag<\/p>\n<p>03.04.2026 Karfreitag<\/p>\n<p><span style=\"color: #000000;\">15.11.2026\u00a0 Volkstrauertag<\/span><\/p>\n<p><span style=\"color: #000000;\">22.11.2026\u00a0 Totensonntag<\/span><\/p>\n<p><strong>Telefon: 036203\/51800<\/strong><\/p>\n<p><strong>\u00a0<\/strong><\/p>\n<p>&nbsp;<\/p>\n<p><strong> <a href=\"http:\/\/www.sch\u00fctzenverein-ollendorf.de\/\">www.sch\u00fctzenverein-ollendorf.de<\/a><\/strong><\/p>\n","protected":false},"excerpt":{"rendered":"<p>Der Schie\u00dfstand in Ollendorf wurde 2011 fertig gestellt, klein aber fein. Der Schie\u00dfstand ist in der N\u00e4he von Erfurt. Es kann Kurzwaffe und Langwaffe geschossen werden, sowie Vorderlader. Es gibt folgende Schie\u00dfbahnen: 10 m Bahn,\u00a0\u00a0 25 m Bahn, 50 m Bahn und 100 m\u00a0Bahn \u00d6ffnungszeiten: Montag bis Freitag\u00a0\u00a0\u00a0\u00a0\u00a0\u00a0\u00a0\u00a0\u00a0\u00a0\u00a0\u00a0\u00a0\u00a0 geschlossen Samstag\u00a0\u00a0\u00a0\u00a0\u00a0\u00a0\u00a0\u00a0\u00a0\u00a0\u00a0\u00a0\u00a0\u00a0\u00a0\u00a0\u00a0\u00a0\u00a0\u00a0\u00a0\u00a0\u00a0\u00a0\u00a0\u00a0\u00a0\u00a0\u00a0 14:00 &#8211; 17:00 Uhr Sonntag\u00a0\u00a0\u00a0\u00a0\u00a0\u00a0\u00a0\u00a0\u00a0\u00a0\u00a0\u00a0\u00a0\u00a0\u00a0\u00a0\u00a0\u00a0\u00a0\u00a0\u00a0\u00a0\u00a0\u00a0\u00a0\u00a0\u00a0\u00a0\u00a0\u00a0\u00a0 &hellip; <a href=\"https:\/\/www.xn--schtzenverein-ollendorf-epc.de\/?page_id=39\" class=\"more-link\"><span class=\"screen-reader-text\">\u00d6ffnungszeiten<\/span> weiterlesen <span class=\"meta-nav\">&rarr;<\/span><\/a><\/p>\n","protected":false},"author":1,"featured_media":13,"parent":0,"menu_order":0,"comment_status":"closed","ping_status":"closed","template":"","meta":{"footnotes":""},"class_list":["post-39","page","type-page","status-publish","has-post-thumbnail","hentry"],"_links":{"self":[{"href":"https:\/\/www.xn--schtzenverein-ollendorf-epc.de\/index.php?rest_route=\/wp\/v2\/pages\/39","targetHints":{"allow":["GET"]}}],"collection":[{"href":"https:\/\/www.xn--schtzenverein-ollendorf-epc.de\/index.php?rest_route=\/wp\/v2\/pages"}],"about":[{"href":"https:\/\/www.xn--schtzenverein-ollendorf-epc.de\/index.php?rest_route=\/wp\/v2\/types\/page"}],"author":[{"embeddable":true,"href":"https:\/\/www.xn--schtzenverein-ollendorf-epc.de\/index.php?rest_route=\/wp\/v2\/users\/1"}],"replies":[{"embeddable":true,"href":"https:\/\/www.xn--schtzenverein-ollendorf-epc.de\/index.php?rest_route=%2Fwp%2Fv2%2Fcomments&post=39"}],"version-history":[{"count":38,"href":"https:\/\/www.xn--schtzenverein-ollendorf-epc.de\/index.php?rest_route=\/wp\/v2\/pages\/39\/revisions"}],"predecessor-version":[{"id":507,"href":"https:\/\/www.xn--schtzenverein-ollendorf-epc.de\/index.php?rest_route=\/wp\/v2\/pages\/39\/revisions\/507"}],"wp:featuredmedia":[{"embeddable":true,"href":"https:\/\/www.xn--schtzenverein-ollendorf-epc.de\/index.php?rest_route=\/wp\/v2\/media\/13"}],"wp:attachment":[{"href":"https:\/\/www.xn--schtzenverein-ollendorf-epc.de\/index.php?rest_route=%2Fwp%2Fv2%2Fmedia&parent=39"}],"curies":[{"name":"wp","href":"https:\/\/api.w.org\/{rel}","templated":true}]}}