{"id":33,"date":"2014-11-13T16:58:14","date_gmt":"2014-11-13T16:58:14","guid":{"rendered":"http:\/\/www.xn--schtzenverein-ollendorf-epc.de\/?page_id=33"},"modified":"2014-12-25T10:39:23","modified_gmt":"2014-12-25T10:39:23","slug":"der-verein","status":"publish","type":"page","link":"https:\/\/www.xn--schtzenverein-ollendorf-epc.de\/?page_id=33","title":{"rendered":"Der Verein"},"content":{"rendered":"<h3>Der Sch\u00fctzenverein Ollendorf e.V.<\/h3>\n<p>Der Verein wurde von 14 Gr\u00fcndungsmitgliedern am 06.12.1991 aus der Taufe gehoben.<br \/>\nAm 07.07.1992 wurde unser Verein mit damals schon 17 Mitgliedern in den Landessportbund Th\u00fcringen aufgenommen, am 21.10.des gleichen Jahres wurden wir Mitglied im Th\u00fcringer Sch\u00fctzenbund.<\/p>\n<p><a href=\"http:\/\/www.xn--schtzenverein-ollendorf-epc.de\/wp-content\/uploads\/2014\/11\/DSC02518.jpg\"><img loading=\"lazy\" decoding=\"async\" class=\"alignnone size-full wp-image-10\" src=\"http:\/\/www.xn--schtzenverein-ollendorf-epc.de\/wp-content\/uploads\/2014\/11\/DSC02518.jpg\" alt=\"DSC02518\" width=\"600\" height=\"450\" srcset=\"https:\/\/www.xn--schtzenverein-ollendorf-epc.de\/wp-content\/uploads\/2014\/11\/DSC02518.jpg 600w, https:\/\/www.xn--schtzenverein-ollendorf-epc.de\/wp-content\/uploads\/2014\/11\/DSC02518-300x225.jpg 300w\" sizes=\"auto, (max-width: 600px) 100vw, 600px\" \/><\/a><\/p>\n<p>Qualifikation wird im Verein von Beginn an gro\u00df geschrieben. Die Lehrg\u00e4nge zum Erwerb der Sachkunde wurden durchgef\u00fchrt genauso wie f\u00fcr das B\u00f6llern, Wiederladen und den Umgang mit Schwarzpulver. 11 Sch\u00fctzenbr\u00fcder besitzen die Schie\u00dfleiterqualifikation.<\/p>\n<p>Im Wurftaubenschie\u00dfen hat der Verein im Sch\u00fctzenkreis S\u00f6mmerda und im Sch\u00fctzenkreis Weimarer Land schon gro\u00dfe Erfolge erzielt. So wurden im Mannschafts-und Einzelbereich einige Kreismeisterschaften gewonnen und auch gute Plazierungen erreicht.<\/p>\n<p>Gro\u00dfen Anklang im Verein findet das B\u00f6llern mit der vereinseigenen 70mm B\u00f6llerkanone, vier kleinere Kanonen befinden sich in Besitz von Sch\u00fctzenbr\u00fcdern. Der Verein hat schon an zahllosen Veranstaltungen in Th\u00fcringen teilgenommen.<\/p>\n","protected":false},"excerpt":{"rendered":"<p>Der Sch\u00fctzenverein Ollendorf e.V. Der Verein wurde von 14 Gr\u00fcndungsmitgliedern am 06.12.1991 aus der Taufe gehoben. Am 07.07.1992 wurde unser Verein mit damals schon 17 Mitgliedern in den Landessportbund Th\u00fcringen aufgenommen, am 21.10.des gleichen Jahres wurden wir Mitglied im Th\u00fcringer Sch\u00fctzenbund. Qualifikation wird im Verein von Beginn an gro\u00df geschrieben. Die Lehrg\u00e4nge zum Erwerb der &hellip; <a href=\"https:\/\/www.xn--schtzenverein-ollendorf-epc.de\/?page_id=33\" class=\"more-link\"><span class=\"screen-reader-text\">Der Verein<\/span> weiterlesen <span class=\"meta-nav\">&rarr;<\/span><\/a><\/p>\n","protected":false},"author":1,"featured_media":0,"parent":0,"menu_order":0,"comment_status":"closed","ping_status":"closed","template":"","meta":{"footnotes":""},"class_list":["post-33","page","type-page","status-publish","hentry"],"_links":{"self":[{"href":"https:\/\/www.xn--schtzenverein-ollendorf-epc.de\/index.php?rest_route=\/wp\/v2\/pages\/33","targetHints":{"allow":["GET"]}}],"collection":[{"href":"https:\/\/www.xn--schtzenverein-ollendorf-epc.de\/index.php?rest_route=\/wp\/v2\/pages"}],"about":[{"href":"https:\/\/www.xn--schtzenverein-ollendorf-epc.de\/index.php?rest_route=\/wp\/v2\/types\/page"}],"author":[{"embeddable":true,"href":"https:\/\/www.xn--schtzenverein-ollendorf-epc.de\/index.php?rest_route=\/wp\/v2\/users\/1"}],"replies":[{"embeddable":true,"href":"https:\/\/www.xn--schtzenverein-ollendorf-epc.de\/index.php?rest_route=%2Fwp%2Fv2%2Fcomments&post=33"}],"version-history":[{"count":3,"href":"https:\/\/www.xn--schtzenverein-ollendorf-epc.de\/index.php?rest_route=\/wp\/v2\/pages\/33\/revisions"}],"predecessor-version":[{"id":97,"href":"https:\/\/www.xn--schtzenverein-ollendorf-epc.de\/index.php?rest_route=\/wp\/v2\/pages\/33\/revisions\/97"}],"wp:attachment":[{"href":"https:\/\/www.xn--schtzenverein-ollendorf-epc.de\/index.php?rest_route=%2Fwp%2Fv2%2Fmedia&parent=33"}],"curies":[{"name":"wp","href":"https:\/\/api.w.org\/{rel}","templated":true}]}}